{"id":153,"date":"2022-04-01T20:07:25","date_gmt":"2022-04-01T20:07:25","guid":{"rendered":"http:\/\/www.oekumenische-energiegenossenschaft.de\/home\/?page_id=153"},"modified":"2022-05-25T10:22:30","modified_gmt":"2022-05-25T10:22:30","slug":"solarstrom-vom-eigenen-dach","status":"publish","type":"page","link":"https:\/\/www.oekumenische-energiegenossenschaft.de\/home\/kooperations-partnerin-werden\/solarstrom-vom-eigenen-dach\/","title":{"rendered":"Solarstrom vom eigenen Dach"},"content":{"rendered":"\n<h2 class=\"wp-block-heading\">Solarstrom vom eigenen Dach<\/h2>\n\n\n\n<p>Wir k\u00f6nnen Ihnen den Strom vom eigenen Dach direkt vor Ort liefern. Dazu stellen Sie uns ihr Dach zur Verf\u00fcgung, wir planen und errichten eine PV-Anlage. Der Strom, den die PV-Anlage erzeugt, kann vor Ort von Ihnen genutzt werden. Wir stellen Ihnen am Jahresende eine Rechnung \u00fcber die genutzten Kilowattstunden, so wie Sie es von ihrem Stromlieferanten gewohnt sind.<\/p>\n\n\n\n<p>Mit dieser Kooperation haben Sie ein geringes wirtschaftliches Risiko und keinen Aufwand mit dem Betrieb der PV-Anlage. Wir \u00fcbernehmen alle Aufgaben aus Wartung, Anmeldung und Versicherung. Der Solarstrom, der nicht vor Ort genutzt werden kann, wird ins \u00f6ffentliche Stromnetz eingespeist. Wir erhalten daf\u00fcr die Einspeiseverg\u00fctung.<\/p>\n\n\n\n<p>Diese Modell ist vorteilhaft, wenn Sie einen Anteil des Solarstromes vor Ort nutzen k\u00f6nnen, den Betrieb der PV-Anlage aber nicht \u00fcbernehmen wollen. Manche unserer Kooperationspartner*innen wollen Einnahmen aus der Einspeiseverg\u00fctung vermeiden. F\u00fcr eine gemeinn\u00fctzige Organisation kann dies notwendig sein.<\/p>\n\n\n\n<div class=\"wp-block-buttons is-layout-flex wp-block-buttons-is-layout-flex\">\n<div class=\"wp-block-button\"><a class=\"wp-block-button__link\">Dachpotential pr\u00fcfen lassen<\/a><\/div>\n\n\n\n<div class=\"wp-block-button\"><a class=\"wp-block-button__link\" href=\"https:\/\/www.oekumenische-energiegenossenschaft.de\/home\/wp-content\/uploads\/Checkliste-Planung-PV-Anlage.docx\">Checkliste herunterladen<\/a><\/div>\n<\/div>\n\n\n\n<div style=\"height:40px\" aria-hidden=\"true\" class=\"wp-block-spacer\"><\/div>\n\n\n\n<h2 class=\"wp-block-heading\">So funtioniert die Stromlieferung<\/h2>\n\n\n\n<figure class=\"wp-block-image size-large\"><img loading=\"lazy\" decoding=\"async\" width=\"1024\" height=\"945\" src=\"https:\/\/www.oekumenische-energiegenossenschaft.de\/home\/wp-content\/uploads\/Stromlieferung-1024x945.png\" alt=\"\" class=\"wp-image-328\" srcset=\"https:\/\/www.oekumenische-energiegenossenschaft.de\/home\/wp-content\/uploads\/Stromlieferung-1024x945.png 1024w, https:\/\/www.oekumenische-energiegenossenschaft.de\/home\/wp-content\/uploads\/Stromlieferung-300x277.png 300w, https:\/\/www.oekumenische-energiegenossenschaft.de\/home\/wp-content\/uploads\/Stromlieferung-768x709.png 768w, https:\/\/www.oekumenische-energiegenossenschaft.de\/home\/wp-content\/uploads\/Stromlieferung-1536x1417.png 1536w, https:\/\/www.oekumenische-energiegenossenschaft.de\/home\/wp-content\/uploads\/Stromlieferung-2048x1889.png 2048w\" sizes=\"auto, (max-width: 1024px) 100vw, 1024px\" \/><\/figure>\n","protected":false},"excerpt":{"rendered":"<p>Solarstrom vom eigenen Dach Wir k\u00f6nnen Ihnen den Strom vom eigenen Dach direkt vor Ort liefern. Dazu stellen Sie uns ihr Dach zur Verf\u00fcgung, wir planen und errichten eine PV-Anlage. Der Strom, den die PV-Anlage erzeugt, kann vor Ort von Ihnen genutzt werden. Wir stellen Ihnen am Jahresende eine Rechnung [&hellip;]<\/p>\n","protected":false},"author":1,"featured_media":0,"parent":33,"menu_order":0,"comment_status":"closed","ping_status":"closed","template":"","meta":{"footnotes":""},"class_list":["post-153","page","type-page","status-publish","hentry"],"_links":{"self":[{"href":"https:\/\/www.oekumenische-energiegenossenschaft.de\/home\/wp-json\/wp\/v2\/pages\/153","targetHints":{"allow":["GET"]}}],"collection":[{"href":"https:\/\/www.oekumenische-energiegenossenschaft.de\/home\/wp-json\/wp\/v2\/pages"}],"about":[{"href":"https:\/\/www.oekumenische-energiegenossenschaft.de\/home\/wp-json\/wp\/v2\/types\/page"}],"author":[{"embeddable":true,"href":"https:\/\/www.oekumenische-energiegenossenschaft.de\/home\/wp-json\/wp\/v2\/users\/1"}],"replies":[{"embeddable":true,"href":"https:\/\/www.oekumenische-energiegenossenschaft.de\/home\/wp-json\/wp\/v2\/comments?post=153"}],"version-history":[{"count":4,"href":"https:\/\/www.oekumenische-energiegenossenschaft.de\/home\/wp-json\/wp\/v2\/pages\/153\/revisions"}],"predecessor-version":[{"id":330,"href":"https:\/\/www.oekumenische-energiegenossenschaft.de\/home\/wp-json\/wp\/v2\/pages\/153\/revisions\/330"}],"up":[{"embeddable":true,"href":"https:\/\/www.oekumenische-energiegenossenschaft.de\/home\/wp-json\/wp\/v2\/pages\/33"}],"wp:attachment":[{"href":"https:\/\/www.oekumenische-energiegenossenschaft.de\/home\/wp-json\/wp\/v2\/media?parent=153"}],"curies":[{"name":"wp","href":"https:\/\/api.w.org\/{rel}","templated":true}]}}