{"id":166,"date":"2022-04-01T20:33:53","date_gmt":"2022-04-01T20:33:53","guid":{"rendered":"http:\/\/www.oekumenische-energiegenossenschaft.de\/home\/?page_id=166"},"modified":"2022-05-25T10:19:54","modified_gmt":"2022-05-25T10:19:54","slug":"pv-anlage-selbst-betreiben","status":"publish","type":"page","link":"https:\/\/www.oekumenische-energiegenossenschaft.de\/home\/kooperations-partnerin-werden\/pv-anlage-selbst-betreiben\/","title":{"rendered":"PV-Anlage selbst betreiben"},"content":{"rendered":"\n<h2 class=\"wp-block-heading\">PV-Anlage selbst betreiben<\/h2>\n\n\n\n<p>Wir planen mit Ihnen gemeinsam eine PV-Anlage und errichten diese. Die notwendige Investition bringen wir mit. Nach Errichtung der PV-Anlage verpachten wir die Anlage an Sie. Dadurch werden Sie zur Betreiberin der Anlage und k\u00f6nnen den Strom selbst nutzen. Den Strom den Sie dar\u00fcber hinaus ins \u00f6ffentliche Stromnetz einspeisen wird Ihnen vom Netzbetreiber verg\u00fctet.<\/p>\n\n\n\n<p>Diese Modell ist dann vorteilhaft, wenn Sie einen Anteil des Solarstromes selbst nutzen k\u00f6nnen. Wir erstellen mit Ihrem Angaben eine Prognose f\u00fcr den Strompreis aus der PV-Anlage. Diese stellen wir auch in Ihrem Gremien vor.<\/p>\n\n\n\n<p>Sie tragen das wirtschaftliche Risiko aus dem Betrieb der Anlage. Wir beraten und begleiten Sie um dieses Risiko zu minimieren. Auf der anderen Seite k\u00f6nnen Sie bei steigenden Strompreisen st\u00e4rker vom eigenen Solarstrom profitieren. Bei Bedarf k\u00f6nnen Sie uns mit der Wartung der PV-Anlage beauftragen.<\/p>\n\n\n\n<p>Weitere Informationen finden Sie in den FAQs.<\/p>\n\n\n\n<div class=\"wp-block-buttons is-layout-flex wp-block-buttons-is-layout-flex\">\n<div class=\"wp-block-button\"><a class=\"wp-block-button__link\" href=\"mailto:info@oeeg.de\">Dachpotential pr\u00fcfen lassen<\/a><\/div>\n\n\n\n<div class=\"wp-block-button\"><a class=\"wp-block-button__link\" href=\"https:\/\/www.oekumenische-energiegenossenschaft.de\/home\/wp-content\/uploads\/Checkliste-Planung-PV-Anlage.docx\">Checkliste herunterladen<\/a><\/div>\n<\/div>\n\n\n\n<div style=\"height:100px\" aria-hidden=\"true\" class=\"wp-block-spacer\"><\/div>\n\n\n\n<h2 class=\"wp-block-heading\">So funtioniert die Eigenstromnutzung<\/h2>\n\n\n\n<figure class=\"wp-block-image size-large\"><img loading=\"lazy\" decoding=\"async\" width=\"1024\" height=\"945\" src=\"https:\/\/www.oekumenische-energiegenossenschaft.de\/home\/wp-content\/uploads\/Eignstromnutzung-1-1024x945.png\" alt=\"\" class=\"wp-image-319\" srcset=\"https:\/\/www.oekumenische-energiegenossenschaft.de\/home\/wp-content\/uploads\/Eignstromnutzung-1-1024x945.png 1024w, https:\/\/www.oekumenische-energiegenossenschaft.de\/home\/wp-content\/uploads\/Eignstromnutzung-1-300x277.png 300w, https:\/\/www.oekumenische-energiegenossenschaft.de\/home\/wp-content\/uploads\/Eignstromnutzung-1-768x709.png 768w, https:\/\/www.oekumenische-energiegenossenschaft.de\/home\/wp-content\/uploads\/Eignstromnutzung-1-1536x1417.png 1536w, https:\/\/www.oekumenische-energiegenossenschaft.de\/home\/wp-content\/uploads\/Eignstromnutzung-1-2048x1889.png 2048w\" sizes=\"auto, (max-width: 1024px) 100vw, 1024px\" \/><\/figure>\n","protected":false},"excerpt":{"rendered":"<p>PV-Anlage selbst betreiben Wir planen mit Ihnen gemeinsam eine PV-Anlage und errichten diese. Die notwendige Investition bringen wir mit. Nach Errichtung der PV-Anlage verpachten wir die Anlage an Sie. Dadurch werden Sie zur Betreiberin der Anlage und k\u00f6nnen den Strom selbst nutzen. Den Strom den Sie dar\u00fcber hinaus ins \u00f6ffentliche [&hellip;]<\/p>\n","protected":false},"author":1,"featured_media":0,"parent":33,"menu_order":0,"comment_status":"closed","ping_status":"closed","template":"","meta":{"footnotes":""},"class_list":["post-166","page","type-page","status-publish","hentry"],"_links":{"self":[{"href":"https:\/\/www.oekumenische-energiegenossenschaft.de\/home\/wp-json\/wp\/v2\/pages\/166","targetHints":{"allow":["GET"]}}],"collection":[{"href":"https:\/\/www.oekumenische-energiegenossenschaft.de\/home\/wp-json\/wp\/v2\/pages"}],"about":[{"href":"https:\/\/www.oekumenische-energiegenossenschaft.de\/home\/wp-json\/wp\/v2\/types\/page"}],"author":[{"embeddable":true,"href":"https:\/\/www.oekumenische-energiegenossenschaft.de\/home\/wp-json\/wp\/v2\/users\/1"}],"replies":[{"embeddable":true,"href":"https:\/\/www.oekumenische-energiegenossenschaft.de\/home\/wp-json\/wp\/v2\/comments?post=166"}],"version-history":[{"count":8,"href":"https:\/\/www.oekumenische-energiegenossenschaft.de\/home\/wp-json\/wp\/v2\/pages\/166\/revisions"}],"predecessor-version":[{"id":324,"href":"https:\/\/www.oekumenische-energiegenossenschaft.de\/home\/wp-json\/wp\/v2\/pages\/166\/revisions\/324"}],"up":[{"embeddable":true,"href":"https:\/\/www.oekumenische-energiegenossenschaft.de\/home\/wp-json\/wp\/v2\/pages\/33"}],"wp:attachment":[{"href":"https:\/\/www.oekumenische-energiegenossenschaft.de\/home\/wp-json\/wp\/v2\/media?parent=166"}],"curies":[{"name":"wp","href":"https:\/\/api.w.org\/{rel}","templated":true}]}}