{"id":22,"date":"2022-04-01T12:42:07","date_gmt":"2022-04-01T12:42:07","guid":{"rendered":"http:\/\/www.oekumenische-energiegenossenschaft.de\/home\/?page_id=22"},"modified":"2025-11-18T19:41:19","modified_gmt":"2025-11-18T19:41:19","slug":"das-sind-wir","status":"publish","type":"page","link":"https:\/\/www.oekumenische-energiegenossenschaft.de\/home\/das-sind-wir\/","title":{"rendered":"\u00dcber uns"},"content":{"rendered":"\n<p>Wir haben uns als \u00d6kumenische Energiegenossenschaft zum Ziel gesetzt, die Energiewende in den Kirchen in Baden-W\u00fcrttemberg voran zubringen. Die Genossenschaft wurde 2009 in der Evangelischen Akademie in Bad Boll gegr\u00fcndet, hat \u00fcber 300 Mitglieder und betreibt mehr als 20 Photovoltaikanlagen. <\/p>\n\n\n\n<p>Unser Team setzt sich aus ehrenamtlichen Vorst\u00e4nden und Aufsichtsr\u00e4ten und den Mitarbeiter*innen zusammen.<\/p>\n\n\n\n<h2 class=\"wp-block-heading\" id=\"Vorstand\">Vorstand<\/h2>\n\n\n\n<div class=\"wp-block-columns is-layout-flex wp-container-core-columns-is-layout-9d6595d7 wp-block-columns-is-layout-flex\">\n<div class=\"wp-block-column is-layout-flow wp-block-column-is-layout-flow\">\n<div class=\"wp-block-group\"><div class=\"wp-block-group__inner-container is-layout-flow wp-block-group-is-layout-flow\">\n<figure class=\"wp-block-image size-large is-resized is-style-rounded\"><img loading=\"lazy\" decoding=\"async\" width=\"769\" height=\"1024\" src=\"https:\/\/www.oekumenische-energiegenossenschaft.de\/home\/wp-content\/uploads\/200910_Sebastian-Edel-769x1024.jpg\" alt=\"\" class=\"wp-image-396\" style=\"width:170px;height:243px\" srcset=\"https:\/\/www.oekumenische-energiegenossenschaft.de\/home\/wp-content\/uploads\/200910_Sebastian-Edel-769x1024.jpg 769w, https:\/\/www.oekumenische-energiegenossenschaft.de\/home\/wp-content\/uploads\/200910_Sebastian-Edel-225x300.jpg 225w, https:\/\/www.oekumenische-energiegenossenschaft.de\/home\/wp-content\/uploads\/200910_Sebastian-Edel-768x1023.jpg 768w, https:\/\/www.oekumenische-energiegenossenschaft.de\/home\/wp-content\/uploads\/200910_Sebastian-Edel-1153x1536.jpg 1153w, https:\/\/www.oekumenische-energiegenossenschaft.de\/home\/wp-content\/uploads\/200910_Sebastian-Edel-1538x2048.jpg 1538w, https:\/\/www.oekumenische-energiegenossenschaft.de\/home\/wp-content\/uploads\/200910_Sebastian-Edel-scaled.jpg 1922w\" sizes=\"auto, (max-width: 769px) 100vw, 769px\" \/><\/figure>\n<\/div><\/div>\n\n\n\n<h3 class=\"wp-block-heading\">Sebastian Edel<\/h3>\n\n\n\n<p>Gesch\u00e4ftsf\u00fchrung<\/p>\n\n\n\n<p><a href=\"mailto:vorstand@oeeg.de\" data-type=\"mailto\" data-id=\"mailto:vorstand@oeeg.de\">vorstand(at)oeeg.de<\/a><\/p>\n<\/div>\n\n\n\n<div class=\"wp-block-column is-layout-flow wp-block-column-is-layout-flow\">\n<div class=\"wp-block-group\"><div class=\"wp-block-group__inner-container is-layout-flow wp-block-group-is-layout-flow\">\n<figure class=\"wp-block-image size-full is-resized is-style-rounded\"><img loading=\"lazy\" decoding=\"async\" width=\"1707\" height=\"2560\" src=\"https:\/\/www.oekumenische-energiegenossenschaft.de\/home\/wp-content\/uploads\/Glock_Reiner_2024-05-09_02-scaled.jpg\" alt=\"\" class=\"wp-image-598\" style=\"width:170px;height:243px\" srcset=\"https:\/\/www.oekumenische-energiegenossenschaft.de\/home\/wp-content\/uploads\/Glock_Reiner_2024-05-09_02-scaled.jpg 1707w, https:\/\/www.oekumenische-energiegenossenschaft.de\/home\/wp-content\/uploads\/Glock_Reiner_2024-05-09_02-200x300.jpg 200w, https:\/\/www.oekumenische-energiegenossenschaft.de\/home\/wp-content\/uploads\/Glock_Reiner_2024-05-09_02-683x1024.jpg 683w, https:\/\/www.oekumenische-energiegenossenschaft.de\/home\/wp-content\/uploads\/Glock_Reiner_2024-05-09_02-768x1152.jpg 768w, https:\/\/www.oekumenische-energiegenossenschaft.de\/home\/wp-content\/uploads\/Glock_Reiner_2024-05-09_02-1024x1536.jpg 1024w, https:\/\/www.oekumenische-energiegenossenschaft.de\/home\/wp-content\/uploads\/Glock_Reiner_2024-05-09_02-1366x2048.jpg 1366w\" sizes=\"auto, (max-width: 1707px) 100vw, 1707px\" \/><\/figure>\n<\/div><\/div>\n\n\n\n<h3 class=\"wp-block-heading\">Reiner Glock<\/h3>\n\n\n\n<p>Technik<\/p>\n\n\n\n<p><a href=\"mailto:vorstand@oeeg.de\" data-type=\"mailto\" data-id=\"mailto:vorstand@oeeg.de\">vorstand(at)oeeg.de<\/a><\/p>\n<\/div>\n\n\n\n<div class=\"wp-block-column is-layout-flow wp-block-column-is-layout-flow\">\n<figure class=\"wp-block-image size-full is-resized is-style-rounded\"><img loading=\"lazy\" decoding=\"async\" width=\"394\" height=\"447\" src=\"https:\/\/www.oekumenische-energiegenossenschaft.de\/home\/wp-content\/uploads\/2022\/04\/dummy_avatar.png\" alt=\"\" class=\"wp-image-158\" style=\"width:170px;height:243px\" srcset=\"https:\/\/www.oekumenische-energiegenossenschaft.de\/home\/wp-content\/uploads\/2022\/04\/dummy_avatar.png 394w, https:\/\/www.oekumenische-energiegenossenschaft.de\/home\/wp-content\/uploads\/2022\/04\/dummy_avatar-264x300.png 264w\" sizes=\"auto, (max-width: 394px) 100vw, 394px\" \/><\/figure>\n\n\n\n<h3 class=\"wp-block-heading\">Andreas Kneer<\/h3>\n\n\n\n<p>Finanzen<\/p>\n\n\n\n<p><a href=\"mailto:vorstand@oeeg.de\" data-type=\"mailto\" data-id=\"mailto:vorstand@oeeg.de\">vorstand(at)oeeg.de<\/a><\/p>\n<\/div>\n<\/div>\n\n\n\n<div class=\"wp-block-columns is-layout-flex wp-container-core-columns-is-layout-9d6595d7 wp-block-columns-is-layout-flex\">\n<div class=\"wp-block-column is-layout-flow wp-block-column-is-layout-flow\">\n<div class=\"wp-block-group\"><div class=\"wp-block-group__inner-container is-layout-flow wp-block-group-is-layout-flow\">\n<figure class=\"wp-block-image size-full is-resized is-style-rounded\"><img loading=\"lazy\" decoding=\"async\" width=\"600\" height=\"700\" src=\"https:\/\/www.oekumenische-energiegenossenschaft.de\/home\/wp-content\/uploads\/Roether_Armin_f-002.jpg\" alt=\"\" class=\"wp-image-381\" style=\"aspect-ratio:0.7004048582995951;width:160px;height:auto\" srcset=\"https:\/\/www.oekumenische-energiegenossenschaft.de\/home\/wp-content\/uploads\/Roether_Armin_f-002.jpg 600w, https:\/\/www.oekumenische-energiegenossenschaft.de\/home\/wp-content\/uploads\/Roether_Armin_f-002-257x300.jpg 257w\" sizes=\"auto, (max-width: 600px) 100vw, 600px\" \/><\/figure>\n<\/div><\/div>\n\n\n\n<h3 class=\"wp-block-heading\">Armin Roether<\/h3>\n\n\n\n<p>Mitgliederverwaltung<\/p>\n\n\n\n<p><a href=\"mailto:vorstand@oeeg.de\" data-type=\"mailto\" data-id=\"mailto:vorstand@oeeg.de\">vorstand(at)oeeg.de<\/a><\/p>\n<\/div>\n\n\n\n<div class=\"wp-block-column is-layout-flow wp-block-column-is-layout-flow\"><\/div>\n\n\n\n<div class=\"wp-block-column is-layout-flow wp-block-column-is-layout-flow\"><\/div>\n\n\n\n<div class=\"wp-block-column is-layout-flow wp-block-column-is-layout-flow\"><\/div>\n<\/div>\n\n\n\n<div class=\"wp-block-group\"><div class=\"wp-block-group__inner-container is-layout-constrained wp-block-group-is-layout-constrained\">\n<h2 class=\"wp-block-heading\" id=\"Ansprechpartner*innen\">Projektbetreuung <br>und Technik<\/h2>\n\n\n\n<figure class=\"wp-block-image size-large is-resized is-style-rounded\"><img loading=\"lazy\" decoding=\"async\" width=\"769\" height=\"1024\" src=\"https:\/\/www.oekumenische-energiegenossenschaft.de\/home\/wp-content\/uploads\/200910_Sebastian-Edel-769x1024.jpg\" alt=\"\" class=\"wp-image-396\" style=\"width:170px;height:243px\" srcset=\"https:\/\/www.oekumenische-energiegenossenschaft.de\/home\/wp-content\/uploads\/200910_Sebastian-Edel-769x1024.jpg 769w, https:\/\/www.oekumenische-energiegenossenschaft.de\/home\/wp-content\/uploads\/200910_Sebastian-Edel-225x300.jpg 225w, https:\/\/www.oekumenische-energiegenossenschaft.de\/home\/wp-content\/uploads\/200910_Sebastian-Edel-768x1023.jpg 768w, https:\/\/www.oekumenische-energiegenossenschaft.de\/home\/wp-content\/uploads\/200910_Sebastian-Edel-1153x1536.jpg 1153w, https:\/\/www.oekumenische-energiegenossenschaft.de\/home\/wp-content\/uploads\/200910_Sebastian-Edel-1538x2048.jpg 1538w, https:\/\/www.oekumenische-energiegenossenschaft.de\/home\/wp-content\/uploads\/200910_Sebastian-Edel-scaled.jpg 1922w\" sizes=\"auto, (max-width: 769px) 100vw, 769px\" \/><\/figure>\n\n\n\n<p><\/p>\n\n\n\n<h3 class=\"wp-block-heading\">Sebastian Edel<\/h3>\n\n\n\n<p><a href=\"mailto:s.edel@oeeg.de\">s.edel(at)oeeg.de<\/a><\/p>\n\n\n\n<figure class=\"wp-block-image size-large is-resized is-style-rounded\"><img loading=\"lazy\" decoding=\"async\" width=\"717\" height=\"1024\" src=\"https:\/\/www.oekumenische-energiegenossenschaft.de\/home\/wp-content\/uploads\/PHPR-10JUL23-PRM_8874-b-717x1024.jpg\" alt=\"\" class=\"wp-image-635\" style=\"width:170px;height:243px\" srcset=\"https:\/\/www.oekumenische-energiegenossenschaft.de\/home\/wp-content\/uploads\/PHPR-10JUL23-PRM_8874-b-717x1024.jpg 717w, https:\/\/www.oekumenische-energiegenossenschaft.de\/home\/wp-content\/uploads\/PHPR-10JUL23-PRM_8874-b-210x300.jpg 210w, https:\/\/www.oekumenische-energiegenossenschaft.de\/home\/wp-content\/uploads\/PHPR-10JUL23-PRM_8874-b-768x1097.jpg 768w, https:\/\/www.oekumenische-energiegenossenschaft.de\/home\/wp-content\/uploads\/PHPR-10JUL23-PRM_8874-b-1075x1536.jpg 1075w, https:\/\/www.oekumenische-energiegenossenschaft.de\/home\/wp-content\/uploads\/PHPR-10JUL23-PRM_8874-b-1434x2048.jpg 1434w, https:\/\/www.oekumenische-energiegenossenschaft.de\/home\/wp-content\/uploads\/PHPR-10JUL23-PRM_8874-b-scaled.jpg 1792w\" sizes=\"auto, (max-width: 717px) 100vw, 717px\" \/><\/figure>\n\n\n\n<h3 class=\"wp-block-heading\">Jasmin Edel<\/h3>\n\n\n\n<p><a href=\"mailto:j.edel@oeeg.de\">j.edel(at)oeeg.de<\/a><\/p>\n\n\n\n<div style=\"height:60px\" aria-hidden=\"true\" class=\"wp-block-spacer\"><\/div>\n\n\n\n<h2 class=\"wp-block-heading\">Sekretariat und <br>Mitgliederverwaltung<\/h2>\n\n\n\n<figure class=\"wp-block-image size-full is-resized is-style-rounded\"><img loading=\"lazy\" decoding=\"async\" width=\"394\" height=\"447\" src=\"https:\/\/www.oekumenische-energiegenossenschaft.de\/home\/wp-content\/uploads\/2022\/04\/dummy_avatar.png\" alt=\"\" class=\"wp-image-158\" style=\"width:170px;height:243px\" srcset=\"https:\/\/www.oekumenische-energiegenossenschaft.de\/home\/wp-content\/uploads\/2022\/04\/dummy_avatar.png 394w, https:\/\/www.oekumenische-energiegenossenschaft.de\/home\/wp-content\/uploads\/2022\/04\/dummy_avatar-264x300.png 264w\" sizes=\"auto, (max-width: 394px) 100vw, 394px\" \/><\/figure>\n\n\n\n<h3 class=\"wp-block-heading\">Bettina Ober<\/h3>\n\n\n\n<p><a href=\"mailto:info@oeeg.de\">info(at)oeeg.de<\/a><\/p>\n\n\n\n<div style=\"height:60px\" aria-hidden=\"true\" class=\"wp-block-spacer\"><\/div>\n<\/div><\/div>\n\n\n\n<h2 class=\"wp-block-heading\" id=\"Aufsichtsrat\">Aufsichtsrat<\/h2>\n\n\n\n<p><a href=\"mailto:aufsichtsrat@oeeg.de\">Aufsichtsrat(at)oeeg.de<\/a><\/p>\n\n\n\n<div class=\"wp-block-group\"><div class=\"wp-block-group__inner-container is-layout-constrained wp-block-group-is-layout-constrained\">\n<div class=\"wp-block-group\"><div class=\"wp-block-group__inner-container is-layout-constrained wp-block-group-is-layout-constrained\">\n<div class=\"wp-block-columns is-layout-flex wp-container-core-columns-is-layout-9d6595d7 wp-block-columns-is-layout-flex\">\n<div class=\"wp-block-column is-layout-flow wp-block-column-is-layout-flow\">\n<div class=\"wp-block-group\"><div class=\"wp-block-group__inner-container is-layout-flow wp-block-group-is-layout-flow\">\n<figure class=\"wp-block-image size-full is-resized is-style-rounded\"><img loading=\"lazy\" decoding=\"async\" width=\"268\" height=\"402\" src=\"https:\/\/www.oekumenische-energiegenossenschaft.de\/home\/wp-content\/uploads\/Jobst-Kraus2.jpg\" alt=\"\" class=\"wp-image-626\" style=\"width:170px;height:243px\" srcset=\"https:\/\/www.oekumenische-energiegenossenschaft.de\/home\/wp-content\/uploads\/Jobst-Kraus2.jpg 268w, https:\/\/www.oekumenische-energiegenossenschaft.de\/home\/wp-content\/uploads\/Jobst-Kraus2-200x300.jpg 200w\" sizes=\"auto, (max-width: 268px) 100vw, 268px\" \/><\/figure>\n<\/div><\/div>\n\n\n\n<h3 class=\"wp-block-heading\">Jobst Kraus<\/h3>\n\n\n\n<p>Vorsitzender<\/p>\n<\/div>\n\n\n\n<div class=\"wp-block-column is-layout-flow wp-block-column-is-layout-flow\">\n<div class=\"wp-block-group\"><div class=\"wp-block-group__inner-container is-layout-flow wp-block-group-is-layout-flow\">\n<figure class=\"wp-block-image size-full is-resized is-style-rounded\"><img loading=\"lazy\" decoding=\"async\" width=\"1243\" height=\"1842\" src=\"https:\/\/www.oekumenische-energiegenossenschaft.de\/home\/wp-content\/uploads\/Elena-Iwaschkin.png\" alt=\"\" class=\"wp-image-600\" style=\"width:170px;height:243px\" srcset=\"https:\/\/www.oekumenische-energiegenossenschaft.de\/home\/wp-content\/uploads\/Elena-Iwaschkin.png 1243w, https:\/\/www.oekumenische-energiegenossenschaft.de\/home\/wp-content\/uploads\/Elena-Iwaschkin-202x300.png 202w, https:\/\/www.oekumenische-energiegenossenschaft.de\/home\/wp-content\/uploads\/Elena-Iwaschkin-691x1024.png 691w, https:\/\/www.oekumenische-energiegenossenschaft.de\/home\/wp-content\/uploads\/Elena-Iwaschkin-768x1138.png 768w, https:\/\/www.oekumenische-energiegenossenschaft.de\/home\/wp-content\/uploads\/Elena-Iwaschkin-1037x1536.png 1037w\" sizes=\"auto, (max-width: 1243px) 100vw, 1243px\" \/><\/figure>\n<\/div><\/div>\n\n\n\n<h3 class=\"wp-block-heading\">Elena Iwaschkin<\/h3>\n<\/div>\n\n\n\n<div class=\"wp-block-column is-layout-flow wp-block-column-is-layout-flow\">\n<figure class=\"wp-block-image size-full is-resized is-style-rounded\"><img loading=\"lazy\" decoding=\"async\" width=\"394\" height=\"447\" src=\"https:\/\/www.oekumenische-energiegenossenschaft.de\/home\/wp-content\/uploads\/2022\/04\/dummy_avatar.png\" alt=\"\" class=\"wp-image-158\" style=\"width:170px;height:243px\" srcset=\"https:\/\/www.oekumenische-energiegenossenschaft.de\/home\/wp-content\/uploads\/2022\/04\/dummy_avatar.png 394w, https:\/\/www.oekumenische-energiegenossenschaft.de\/home\/wp-content\/uploads\/2022\/04\/dummy_avatar-264x300.png 264w\" sizes=\"auto, (max-width: 394px) 100vw, 394px\" \/><\/figure>\n\n\n\n<h3 class=\"wp-block-heading\">Yasna Cr\u00fcsemann<\/h3>\n<\/div>\n<\/div>\n\n\n\n<div class=\"wp-block-columns is-layout-flex wp-container-core-columns-is-layout-9d6595d7 wp-block-columns-is-layout-flex\">\n<div class=\"wp-block-column is-layout-flow wp-block-column-is-layout-flow\">\n<div class=\"wp-block-columns is-layout-flex wp-container-core-columns-is-layout-9d6595d7 wp-block-columns-is-layout-flex\">\n<div class=\"wp-block-column is-layout-flow wp-block-column-is-layout-flow\">\n<div class=\"wp-block-group\"><div class=\"wp-block-group__inner-container is-layout-flow wp-block-group-is-layout-flow\">\n<figure class=\"wp-block-image size-full is-resized is-style-rounded\"><img loading=\"lazy\" decoding=\"async\" width=\"1315\" height=\"1754\" src=\"https:\/\/www.oekumenische-energiegenossenschaft.de\/home\/wp-content\/uploads\/Eltrop-20190209_4LL4664.jpg\" alt=\"\" class=\"wp-image-601\" style=\"width:170px;height:243px\" srcset=\"https:\/\/www.oekumenische-energiegenossenschaft.de\/home\/wp-content\/uploads\/Eltrop-20190209_4LL4664.jpg 1315w, https:\/\/www.oekumenische-energiegenossenschaft.de\/home\/wp-content\/uploads\/Eltrop-20190209_4LL4664-225x300.jpg 225w, https:\/\/www.oekumenische-energiegenossenschaft.de\/home\/wp-content\/uploads\/Eltrop-20190209_4LL4664-768x1024.jpg 768w, https:\/\/www.oekumenische-energiegenossenschaft.de\/home\/wp-content\/uploads\/Eltrop-20190209_4LL4664-1152x1536.jpg 1152w\" sizes=\"auto, (max-width: 1315px) 100vw, 1315px\" \/><\/figure>\n<\/div><\/div>\n\n\n\n<h3 class=\"wp-block-heading\">Dr. Ludger Eltrop<\/h3>\n<\/div>\n\n\n\n<div class=\"wp-block-column is-layout-flow wp-block-column-is-layout-flow\">\n<div class=\"wp-block-group\"><div class=\"wp-block-group__inner-container is-layout-flow wp-block-group-is-layout-flow\">\n<figure class=\"wp-block-image size-full is-resized is-style-rounded\"><img loading=\"lazy\" decoding=\"async\" width=\"1707\" height=\"2560\" src=\"https:\/\/www.oekumenische-energiegenossenschaft.de\/home\/wp-content\/uploads\/Martin-Schoefthaler2-scaled.jpg\" alt=\"\" class=\"wp-image-605\" style=\"width:170px;height:243px\" srcset=\"https:\/\/www.oekumenische-energiegenossenschaft.de\/home\/wp-content\/uploads\/Martin-Schoefthaler2-scaled.jpg 1707w, https:\/\/www.oekumenische-energiegenossenschaft.de\/home\/wp-content\/uploads\/Martin-Schoefthaler2-200x300.jpg 200w, https:\/\/www.oekumenische-energiegenossenschaft.de\/home\/wp-content\/uploads\/Martin-Schoefthaler2-683x1024.jpg 683w, https:\/\/www.oekumenische-energiegenossenschaft.de\/home\/wp-content\/uploads\/Martin-Schoefthaler2-768x1152.jpg 768w, https:\/\/www.oekumenische-energiegenossenschaft.de\/home\/wp-content\/uploads\/Martin-Schoefthaler2-1024x1536.jpg 1024w, https:\/\/www.oekumenische-energiegenossenschaft.de\/home\/wp-content\/uploads\/Martin-Schoefthaler2-1365x2048.jpg 1365w\" sizes=\"auto, (max-width: 1707px) 100vw, 1707px\" \/><\/figure>\n<\/div><\/div>\n\n\n\n<h3 class=\"wp-block-heading\">Dr. Martin Sch\u00f6fthaler<\/h3>\n<\/div>\n\n\n\n<div class=\"wp-block-column is-layout-flow wp-block-column-is-layout-flow\">\n<figure class=\"wp-block-image size-full is-resized is-style-rounded\"><img loading=\"lazy\" decoding=\"async\" width=\"394\" height=\"447\" src=\"https:\/\/www.oekumenische-energiegenossenschaft.de\/home\/wp-content\/uploads\/2022\/04\/dummy_avatar.png\" alt=\"\" class=\"wp-image-158\" style=\"width:170px;height:243px\" srcset=\"https:\/\/www.oekumenische-energiegenossenschaft.de\/home\/wp-content\/uploads\/2022\/04\/dummy_avatar.png 394w, https:\/\/www.oekumenische-energiegenossenschaft.de\/home\/wp-content\/uploads\/2022\/04\/dummy_avatar-264x300.png 264w\" sizes=\"auto, (max-width: 394px) 100vw, 394px\" \/><\/figure>\n\n\n\n<h3 class=\"wp-block-heading\">Sarah Wolf<\/h3>\n<\/div>\n<\/div>\n\n\n\n<div class=\"wp-block-columns is-layout-flex wp-container-core-columns-is-layout-9d6595d7 wp-block-columns-is-layout-flex\">\n<div class=\"wp-block-column is-layout-flow wp-block-column-is-layout-flow\">\n<div class=\"wp-block-group\"><div class=\"wp-block-group__inner-container is-layout-flow wp-block-group-is-layout-flow\">\n<figure class=\"wp-block-image size-full is-resized is-style-rounded\"><img loading=\"lazy\" decoding=\"async\" width=\"881\" height=\"1304\" src=\"https:\/\/www.oekumenische-energiegenossenschaft.de\/home\/wp-content\/uploads\/Volker-Molthan.jpg\" alt=\"\" class=\"wp-image-604\" style=\"width:170px;height:243px\" srcset=\"https:\/\/www.oekumenische-energiegenossenschaft.de\/home\/wp-content\/uploads\/Volker-Molthan.jpg 881w, https:\/\/www.oekumenische-energiegenossenschaft.de\/home\/wp-content\/uploads\/Volker-Molthan-203x300.jpg 203w, https:\/\/www.oekumenische-energiegenossenschaft.de\/home\/wp-content\/uploads\/Volker-Molthan-692x1024.jpg 692w, https:\/\/www.oekumenische-energiegenossenschaft.de\/home\/wp-content\/uploads\/Volker-Molthan-768x1137.jpg 768w\" sizes=\"auto, (max-width: 881px) 100vw, 881px\" \/><\/figure>\n<\/div><\/div>\n\n\n\n<h3 class=\"wp-block-heading\">Volker Molthan<\/h3>\n<\/div>\n<\/div>\n<\/div>\n<\/div>\n<\/div><\/div>\n<\/div><\/div>\n","protected":false},"excerpt":{"rendered":"<p>Wir haben uns als \u00d6kumenische Energiegenossenschaft zum Ziel gesetzt, die Energiewende in den Kirchen in Baden-W\u00fcrttemberg voran zubringen. Die Genossenschaft wurde 2009 in der Evangelischen Akademie in Bad Boll gegr\u00fcndet, hat \u00fcber 300 Mitglieder und betreibt mehr als 20 Photovoltaikanlagen. Unser Team setzt sich aus ehrenamtlichen Vorst\u00e4nden und Aufsichtsr\u00e4ten und [&hellip;]<\/p>\n","protected":false},"author":1,"featured_media":0,"parent":0,"menu_order":0,"comment_status":"closed","ping_status":"closed","template":"page-templates\/template-fullwidth.php","meta":{"footnotes":""},"class_list":["post-22","page","type-page","status-publish","hentry"],"_links":{"self":[{"href":"https:\/\/www.oekumenische-energiegenossenschaft.de\/home\/wp-json\/wp\/v2\/pages\/22","targetHints":{"allow":["GET"]}}],"collection":[{"href":"https:\/\/www.oekumenische-energiegenossenschaft.de\/home\/wp-json\/wp\/v2\/pages"}],"about":[{"href":"https:\/\/www.oekumenische-energiegenossenschaft.de\/home\/wp-json\/wp\/v2\/types\/page"}],"author":[{"embeddable":true,"href":"https:\/\/www.oekumenische-energiegenossenschaft.de\/home\/wp-json\/wp\/v2\/users\/1"}],"replies":[{"embeddable":true,"href":"https:\/\/www.oekumenische-energiegenossenschaft.de\/home\/wp-json\/wp\/v2\/comments?post=22"}],"version-history":[{"count":57,"href":"https:\/\/www.oekumenische-energiegenossenschaft.de\/home\/wp-json\/wp\/v2\/pages\/22\/revisions"}],"predecessor-version":[{"id":640,"href":"https:\/\/www.oekumenische-energiegenossenschaft.de\/home\/wp-json\/wp\/v2\/pages\/22\/revisions\/640"}],"wp:attachment":[{"href":"https:\/\/www.oekumenische-energiegenossenschaft.de\/home\/wp-json\/wp\/v2\/media?parent=22"}],"curies":[{"name":"wp","href":"https:\/\/api.w.org\/{rel}","templated":true}]}}