{"id":31,"date":"2022-04-01T12:42:53","date_gmt":"2022-04-01T12:42:53","guid":{"rendered":"http:\/\/www.oekumenische-energiegenossenschaft.de\/home\/?page_id=31"},"modified":"2023-04-28T10:07:36","modified_gmt":"2023-04-28T10:07:36","slug":"mitglied-werden","status":"publish","type":"page","link":"https:\/\/www.oekumenische-energiegenossenschaft.de\/home\/mitglied-werden\/","title":{"rendered":"Mitglied werden"},"content":{"rendered":"\n<p>M\u00f6chten Sie die Arbeit der \u00d6EG durch Ihre Mitgliedschaft als Genoss*in unterst\u00fctzen? Ab einem Genossenschaftsanteil von 100\u20ac k\u00f6nnen Sie Mitglied werden. <\/p>\n\n\n\n<p>Mit ihren Anteilen an der \u00d6EG machen Sie es erst m\u00f6glich, dass wir neue PV-Anlagen bauen k\u00f6nnen. Wir haben derzeit <a href=\"https:\/\/www.oekumenische-energiegenossenschaft.de\/home\/projekte\/neue-projekte\/\" data-type=\"page\" data-id=\"119\">14 Projekte in Planung <\/a>f\u00fcr die wir noch weitere Genossenschaftsanteile ben\u00f6tigen.<\/p>\n\n\n\n<p>Es k\u00f6nnen Privatpersonen und Kirchengemeinden Mitglied werden.<\/p>\n\n\n\n<p>Und nicht zuletzt: jede Beteiligung an der \u00d6EG in H\u00f6he von 1.000 \u20ac erspart der Atmosph\u00e4re Jahr f\u00fcr Jahr eine halbe Tonnen CO<sub>2.<\/sub><\/p>\n\n\n\n<p>Bei Fragen wenden Sie sich gern an Armin Roether: <a href=\"mailto:a.roether@oeeg.de\">a.roether(at)oeeg.de<\/a><\/p>\n\n\n\n<p>Folgende Dokumenten stehen Ihnen zum Download bereit:<\/p>\n\n\n\n<div class=\"wp-block-buttons is-horizontal is-layout-flex wp-block-buttons-is-layout-flex\">\n<div class=\"wp-block-button\"><a class=\"wp-block-button__link wp-element-button\" href=\"https:\/\/www.oekumenische-energiegenossenschaft.de\/home\/wp-content\/uploads\/OeEG-SATZUNG-2022-.pdf\">Satzung<\/a><\/div>\n\n\n\n<div class=\"wp-block-button\"><a class=\"wp-block-button__link wp-element-button\" href=\"https:\/\/www.oekumenische-energiegenossenschaft.de\/home\/wp-content\/uploads\/Beitrittserklaerung-OeEG-220908.pdf\">Mitgliedsantrag<\/a><\/div>\n\n\n\n<div class=\"wp-block-button\"><a class=\"wp-block-button__link wp-element-button\" href=\"https:\/\/www.oekumenische-energiegenossenschaft.de\/home\/wp-content\/uploads\/220725-OEEG_weitere_Anteile-ONLINE-Formular.pdf\">Anteilserh\u00f6hung<\/a><\/div>\n<\/div>\n\n\n\n<div style=\"height:30px\" aria-hidden=\"true\" class=\"wp-block-spacer\"><\/div>\n","protected":false},"excerpt":{"rendered":"<p>M\u00f6chten Sie die Arbeit der \u00d6EG durch Ihre Mitgliedschaft als Genoss*in unterst\u00fctzen? Ab einem Genossenschaftsanteil von 100\u20ac k\u00f6nnen Sie Mitglied werden. Mit ihren Anteilen an der \u00d6EG machen Sie es erst m\u00f6glich, dass wir neue PV-Anlagen bauen k\u00f6nnen. Wir haben derzeit 14 Projekte in Planung f\u00fcr die wir noch weitere [&hellip;]<\/p>\n","protected":false},"author":1,"featured_media":0,"parent":0,"menu_order":0,"comment_status":"closed","ping_status":"closed","template":"","meta":{"footnotes":""},"class_list":["post-31","page","type-page","status-publish","hentry"],"_links":{"self":[{"href":"https:\/\/www.oekumenische-energiegenossenschaft.de\/home\/wp-json\/wp\/v2\/pages\/31","targetHints":{"allow":["GET"]}}],"collection":[{"href":"https:\/\/www.oekumenische-energiegenossenschaft.de\/home\/wp-json\/wp\/v2\/pages"}],"about":[{"href":"https:\/\/www.oekumenische-energiegenossenschaft.de\/home\/wp-json\/wp\/v2\/types\/page"}],"author":[{"embeddable":true,"href":"https:\/\/www.oekumenische-energiegenossenschaft.de\/home\/wp-json\/wp\/v2\/users\/1"}],"replies":[{"embeddable":true,"href":"https:\/\/www.oekumenische-energiegenossenschaft.de\/home\/wp-json\/wp\/v2\/comments?post=31"}],"version-history":[{"count":13,"href":"https:\/\/www.oekumenische-energiegenossenschaft.de\/home\/wp-json\/wp\/v2\/pages\/31\/revisions"}],"predecessor-version":[{"id":502,"href":"https:\/\/www.oekumenische-energiegenossenschaft.de\/home\/wp-json\/wp\/v2\/pages\/31\/revisions\/502"}],"wp:attachment":[{"href":"https:\/\/www.oekumenische-energiegenossenschaft.de\/home\/wp-json\/wp\/v2\/media?parent=31"}],"curies":[{"name":"wp","href":"https:\/\/api.w.org\/{rel}","templated":true}]}}