{"id":35,"date":"2022-04-01T12:42:56","date_gmt":"2022-04-01T12:42:56","guid":{"rendered":"http:\/\/www.oekumenische-energiegenossenschaft.de\/home\/?page_id=35"},"modified":"2025-11-18T08:55:38","modified_gmt":"2025-11-18T08:55:38","slug":"neuigkeiten","status":"publish","type":"page","link":"https:\/\/www.oekumenische-energiegenossenschaft.de\/home\/neuigkeiten\/","title":{"rendered":"Neuigkeiten"},"content":{"rendered":"\n<p><\/p>\n\n\n<ul class=\"wp-block-latest-posts__list has-dates has-author aligncenter wp-block-latest-posts\"><li><a class=\"wp-block-latest-posts__post-title\" href=\"https:\/\/www.oekumenische-energiegenossenschaft.de\/home\/neuigkeiten\/auf-einem-guten-weg-und-weiter-auf-der-suche\/\">Auf einem guten Weg und weiter auf der Suche<\/a><div class=\"wp-block-latest-posts__post-author\">von Jobst Kraus<\/div><time datetime=\"2024-03-08T16:19:20+00:00\" class=\"wp-block-latest-posts__post-date\">8. M\u00e4rz 2024<\/time><div class=\"wp-block-latest-posts__post-excerpt\">\u00d6EG Newsletter 46 M\u00e4rz 2024 Liebe Mitglieder, liebe Genossinnen und Genossen, Sie sind hoffentlich gut ins neue Jahr gestartet, auch wenn die globalen wie nationalen Herausforderungen und die damit verbundenen Sorgen eher gr\u00f6\u00dfer geworden sind. Und sp\u00fcrbar ist es auch, wenn der Fr\u00fchling sich fr\u00fcher zeigt: 15 Grad, am Wegrand [&hellip;]<\/div><\/li>\n<li><a class=\"wp-block-latest-posts__post-title\" href=\"https:\/\/www.oekumenische-energiegenossenschaft.de\/home\/neuigkeiten\/gesegnete-weihnachten-und-ein-gutes-jahr-2024\/\">Gesegnete Weihnachten und ein gutes Jahr 2024<\/a><div class=\"wp-block-latest-posts__post-author\">von Jobst Kraus<\/div><time datetime=\"2024-03-01T10:58:23+00:00\" class=\"wp-block-latest-posts__post-date\">1. M\u00e4rz 2024<\/time><div class=\"wp-block-latest-posts__post-excerpt\">Newsletter 45 \u2013Dezember 2023 Liebe Mitglieder, liebe Genossinnen und Genossen, Der Anfang vom Ende? Erstmals ruft die Weltgemeinschaft bei einer UN-Klimakonferenz zur Abkehr von fossilen Brennstoffen auf. Der zuvor von mehr als 100 Staaten geforderte klare Ausstieg kommt in dem in Dubai verabschiedeten Abschlusstext aber nicht vor. Die Abschlusserkl\u00e4rung ruft [&hellip;]<\/div><\/li>\n<li><a class=\"wp-block-latest-posts__post-title\" href=\"https:\/\/www.oekumenische-energiegenossenschaft.de\/home\/neuigkeiten\/hoffnungsschimmer-und-lichtblicke\/\">Hoffnungsschimmer und Lichtblicke<\/a><div class=\"wp-block-latest-posts__post-author\">von Jobst Kraus<\/div><time datetime=\"2024-03-01T10:53:28+00:00\" class=\"wp-block-latest-posts__post-date\">1. M\u00e4rz 2024<\/time><div class=\"wp-block-latest-posts__post-excerpt\">Newsletter 44 \u2013November 2023 Liebe Mitglieder, liebe Genossinnen und Genossen, Zu langsam, zu wenig, zu sp\u00e4t &#8211; eine vor wenigen Tagen erschienene UN-Analyse der nationalen Klimaschutzpl\u00e4ne zeigt, dass diese in krassem Gegensatz zur Wissenschaft stehen und in keiner Weise ausreichen. UN-Generalsekret\u00e4r Ant\u00f3nio Guterres \u00e4u\u00dferte sich alarmiert: &#8222;Die Welt schafft es [&hellip;]<\/div><\/li>\n<li><a class=\"wp-block-latest-posts__post-title\" href=\"https:\/\/www.oekumenische-energiegenossenschaft.de\/home\/neuigkeiten\/oeeg-sucht-neue-mitarbeiterinnen\/\">\u00d6EG sucht neue Mitarbeiter*Innen<\/a><div class=\"wp-block-latest-posts__post-author\">von Jobst Kraus<\/div><time datetime=\"2024-02-12T13:21:54+00:00\" class=\"wp-block-latest-posts__post-date\">12. Februar 2024<\/time><div class=\"wp-block-latest-posts__post-excerpt\">Projektmanager\/Bauleiter im Bereich Photovoltaik und Monteure f\u00fcr Photovoltaikanlagen (m\/w\/d) gesucht! Die \u00d6kumenische Energiegenossenschaft baut und betreibt Photovoltaikanlagen (PV-Anlagen). Wir befinden uns in einer sehr spannenden Situation mit gro\u00dfer Nachfrage und entwickeln uns rasch zu einem Anbieter f\u00fcr (fast) alle L\u00f6sungen rund um PV-Anlagen. Derzeit bauen wir den Bereich \u201eBau von [&hellip;]<\/div><\/li>\n<li><div class=\"wp-block-latest-posts__featured-image alignleft\"><img loading=\"lazy\" decoding=\"async\" width=\"150\" height=\"150\" src=\"https:\/\/www.oekumenische-energiegenossenschaft.de\/home\/wp-content\/uploads\/signal-2023-03-15-06-59-51-671-3-150x150.jpg\" class=\"attachment-thumbnail size-thumbnail wp-post-image\" alt=\"\" style=\"\" \/><\/div><a class=\"wp-block-latest-posts__post-title\" href=\"https:\/\/www.oekumenische-energiegenossenschaft.de\/home\/neuigkeiten\/pv-anlage-bei-calw-gebaut\/\">PV-Anlage bei Calw gebaut<\/a><div class=\"wp-block-latest-posts__post-author\">von Sebastian Edel<\/div><time datetime=\"2023-03-23T09:58:00+00:00\" class=\"wp-block-latest-posts__post-date\">23. M\u00e4rz 2023<\/time><div class=\"wp-block-latest-posts__post-excerpt\">PV-Anlage bei Calw gebaut Anfang M\u00e4rz hat die \u00d6EG in der N\u00e4he von Calw eine 30 kWp PV-Anlage in Eigenregie installiert. Trotz teilweise wiedrigem Wetter konnte die Anlage innerhalb einer Woche fertig gebaut werden. Das Geb\u00e4ude auf der die PV-Anlage montiert wurde, wird derzeit vollst\u00e4ndig saniert und erhielt ein neues [&hellip;]<\/div><\/li>\n<\/ul>\n\n\n<h2 class=\"wp-block-heading\">Archiv<\/h2>\n\n\n\n<p><a href=\"https:\/\/www.oekumenische-energiegenossenschaft.de\/home\/wp-content\/uploads\/220315-OeEG-Newsletter-Nr.-36-Maerz-20221.pdf\" data-type=\"attachment\" data-id=\"415\">Newsletter 36 M\u00e4rz 2022<\/a><\/p>\n\n\n\n<p><a href=\"https:\/\/www.oekumenische-energiegenossenschaft.de\/home\/wp-content\/uploads\/211221-OeEG-Newsletter-Nr.-35-Dezember-2021.pdf\" data-type=\"attachment\" data-id=\"414\">Newsletter 35 Dezember 2022<\/a><\/p>\n\n\n\n<p><a href=\"https:\/\/www.oekumenische-energiegenossenschaft.de\/home\/wp-content\/uploads\/210729-OeEG-Newsletter-Nr.-34-Juli-2021.pdf\" data-type=\"attachment\" data-id=\"413\">Newsletter 34 Juli 2021<\/a><\/p>\n\n\n\n<p><a href=\"https:\/\/www.oekumenische-energiegenossenschaft.de\/home\/wp-content\/uploads\/210503-OeEG-Newsletter-Nr.-33-Mai-2021.pdf\" data-type=\"attachment\" data-id=\"416\">Newsletter 33 Mai 2021<\/a><\/p>\n\n\n\n<p><a href=\"https:\/\/www.oekumenische-energiegenossenschaft.de\/home\/wp-content\/uploads\/201213-OeEG-Newsletter-Nr.-32-Dezember-2020.neu_.pdf\" data-type=\"attachment\" data-id=\"412\">Newsletter 32 Dezember 2020<\/a><\/p>\n","protected":false},"excerpt":{"rendered":"<p>Archiv Newsletter 36 M\u00e4rz 2022 Newsletter 35 Dezember 2022 Newsletter 34 Juli 2021 Newsletter 33 Mai 2021 Newsletter 32 Dezember 2020<\/p>\n","protected":false},"author":5,"featured_media":472,"parent":0,"menu_order":0,"comment_status":"closed","ping_status":"closed","template":"","meta":{"footnotes":""},"class_list":["post-35","page","type-page","status-publish","has-post-thumbnail","hentry"],"_links":{"self":[{"href":"https:\/\/www.oekumenische-energiegenossenschaft.de\/home\/wp-json\/wp\/v2\/pages\/35","targetHints":{"allow":["GET"]}}],"collection":[{"href":"https:\/\/www.oekumenische-energiegenossenschaft.de\/home\/wp-json\/wp\/v2\/pages"}],"about":[{"href":"https:\/\/www.oekumenische-energiegenossenschaft.de\/home\/wp-json\/wp\/v2\/types\/page"}],"author":[{"embeddable":true,"href":"https:\/\/www.oekumenische-energiegenossenschaft.de\/home\/wp-json\/wp\/v2\/users\/5"}],"replies":[{"embeddable":true,"href":"https:\/\/www.oekumenische-energiegenossenschaft.de\/home\/wp-json\/wp\/v2\/comments?post=35"}],"version-history":[{"count":10,"href":"https:\/\/www.oekumenische-energiegenossenschaft.de\/home\/wp-json\/wp\/v2\/pages\/35\/revisions"}],"predecessor-version":[{"id":564,"href":"https:\/\/www.oekumenische-energiegenossenschaft.de\/home\/wp-json\/wp\/v2\/pages\/35\/revisions\/564"}],"wp:featuredmedia":[{"embeddable":true,"href":"https:\/\/www.oekumenische-energiegenossenschaft.de\/home\/wp-json\/wp\/v2\/media\/472"}],"wp:attachment":[{"href":"https:\/\/www.oekumenische-energiegenossenschaft.de\/home\/wp-json\/wp\/v2\/media?parent=35"}],"curies":[{"name":"wp","href":"https:\/\/api.w.org\/{rel}","templated":true}]}}